{"id":649,"date":"2023-02-14T11:32:25","date_gmt":"2023-02-14T10:32:25","guid":{"rendered":"https:\/\/www.ets-foulon.fr\/?page_id=649"},"modified":"2023-02-14T14:44:48","modified_gmt":"2023-02-14T13:44:48","slug":"magasin","status":"publish","type":"page","link":"https:\/\/www.ets-foulon.fr\/index.php\/magasin\/","title":{"rendered":"Magasin"},"content":{"rendered":"\n<h2 class=\"wp-block-heading\">Rayons du magasin<\/h2>\n\n\n\n<ul class=\"has-black-color has-text-color wp-block-list\">\n<li>Electricit\u00e9 G\u00e9n\u00e9rale<\/li>\n\n\n\n<li>Electricit\u00e9 Agricole<\/li>\n\n\n\n<li>Plomberie \/ Hydraulique<\/li>\n\n\n\n<li>A\u00e9rosols (D\u00e9grippants, lubrifiants, peinture&#8230;)<\/li>\n\n\n\n<li>Outillages (petits et gros mat\u00e9riels, \u00e9lectroportatif&#8230;)<\/li>\n\n\n\n<li>Espaces verts (tronconneuses, \u00e9lageuses, coupes bordures, tondeuses&#8230;)<\/li>\n\n\n\n<li>EPI (Gants, combinaisons, bottes et chaussures)<\/li>\n\n\n\n<li>Cl\u00f4ture &amp; Accessoires<\/li>\n\n\n\n<li>Elevage &amp; Accessoires<\/li>\n<\/ul>\n\n\n\n<figure class=\"wp-block-gallery has-nested-images columns-default is-cropped wp-block-gallery-1 is-layout-flex wp-block-gallery-is-layout-flex\">\n<figure class=\"wp-block-image size-large\"><img loading=\"lazy\" decoding=\"async\" width=\"768\" height=\"1024\" data-id=\"674\" src=\"https:\/\/www.ets-foulon.fr\/wp-content\/uploads\/2023\/02\/331226428_1156627511715329_1278321725308276373_n-768x1024.jpg\" alt=\"\" class=\"wp-image-674\" srcset=\"https:\/\/www.ets-foulon.fr\/wp-content\/uploads\/2023\/02\/331226428_1156627511715329_1278321725308276373_n-768x1024.jpg 768w, https:\/\/www.ets-foulon.fr\/wp-content\/uploads\/2023\/02\/331226428_1156627511715329_1278321725308276373_n-225x300.jpg 225w, https:\/\/www.ets-foulon.fr\/wp-content\/uploads\/2023\/02\/331226428_1156627511715329_1278321725308276373_n-1152x1536.jpg 1152w, https:\/\/www.ets-foulon.fr\/wp-content\/uploads\/2023\/02\/331226428_1156627511715329_1278321725308276373_n.jpg 1536w\" sizes=\"auto, (max-width: 768px) 100vw, 768px\" \/><figcaption class=\"wp-element-caption\">A\u00e9rosols<\/figcaption><\/figure>\n\n\n\n<figure class=\"wp-block-image size-large\"><img loading=\"lazy\" decoding=\"async\" width=\"1024\" height=\"768\" data-id=\"673\" src=\"https:\/\/www.ets-foulon.fr\/wp-content\/uploads\/2023\/02\/328848422_707277774281089_4547508895136701116_n-1024x768.jpg\" alt=\"\" class=\"wp-image-673\" srcset=\"https:\/\/www.ets-foulon.fr\/wp-content\/uploads\/2023\/02\/328848422_707277774281089_4547508895136701116_n-1024x768.jpg 1024w, https:\/\/www.ets-foulon.fr\/wp-content\/uploads\/2023\/02\/328848422_707277774281089_4547508895136701116_n-300x225.jpg 300w, https:\/\/www.ets-foulon.fr\/wp-content\/uploads\/2023\/02\/328848422_707277774281089_4547508895136701116_n-768x576.jpg 768w, https:\/\/www.ets-foulon.fr\/wp-content\/uploads\/2023\/02\/328848422_707277774281089_4547508895136701116_n-1536x1152.jpg 1536w, https:\/\/www.ets-foulon.fr\/wp-content\/uploads\/2023\/02\/328848422_707277774281089_4547508895136701116_n.jpg 2048w\" sizes=\"auto, (max-width: 1024px) 100vw, 1024px\" \/><figcaption class=\"wp-element-caption\">Huiles \u00b2 Carburants<\/figcaption><\/figure>\n\n\n\n<figure class=\"wp-block-image size-large\"><img loading=\"lazy\" decoding=\"async\" width=\"768\" height=\"1024\" data-id=\"672\" src=\"https:\/\/www.ets-foulon.fr\/wp-content\/uploads\/2023\/02\/330682859_577661637560725_4711193036608368644_n-768x1024.jpg\" alt=\"\" class=\"wp-image-672\" srcset=\"https:\/\/www.ets-foulon.fr\/wp-content\/uploads\/2023\/02\/330682859_577661637560725_4711193036608368644_n-768x1024.jpg 768w, https:\/\/www.ets-foulon.fr\/wp-content\/uploads\/2023\/02\/330682859_577661637560725_4711193036608368644_n-225x300.jpg 225w, https:\/\/www.ets-foulon.fr\/wp-content\/uploads\/2023\/02\/330682859_577661637560725_4711193036608368644_n-1152x1536.jpg 1152w, https:\/\/www.ets-foulon.fr\/wp-content\/uploads\/2023\/02\/330682859_577661637560725_4711193036608368644_n.jpg 1536w\" sizes=\"auto, (max-width: 768px) 100vw, 768px\" \/><figcaption class=\"wp-element-caption\">Cl\u00f4tures<\/figcaption><\/figure>\n\n\n\n<figure class=\"wp-block-image size-large\"><img loading=\"lazy\" decoding=\"async\" width=\"1024\" height=\"768\" data-id=\"671\" src=\"https:\/\/www.ets-foulon.fr\/wp-content\/uploads\/2023\/02\/330678336_1332481084177827_5690967564718354992_n-1024x768.jpg\" alt=\"\" class=\"wp-image-671\" srcset=\"https:\/\/www.ets-foulon.fr\/wp-content\/uploads\/2023\/02\/330678336_1332481084177827_5690967564718354992_n-1024x768.jpg 1024w, https:\/\/www.ets-foulon.fr\/wp-content\/uploads\/2023\/02\/330678336_1332481084177827_5690967564718354992_n-300x225.jpg 300w, https:\/\/www.ets-foulon.fr\/wp-content\/uploads\/2023\/02\/330678336_1332481084177827_5690967564718354992_n-768x576.jpg 768w, https:\/\/www.ets-foulon.fr\/wp-content\/uploads\/2023\/02\/330678336_1332481084177827_5690967564718354992_n-1536x1152.jpg 1536w, https:\/\/www.ets-foulon.fr\/wp-content\/uploads\/2023\/02\/330678336_1332481084177827_5690967564718354992_n.jpg 2048w\" sizes=\"auto, (max-width: 1024px) 100vw, 1024px\" \/><figcaption class=\"wp-element-caption\">EPI<\/figcaption><\/figure>\n\n\n\n<figure class=\"wp-block-image size-large\"><img loading=\"lazy\" decoding=\"async\" width=\"1024\" height=\"768\" data-id=\"670\" src=\"https:\/\/www.ets-foulon.fr\/wp-content\/uploads\/2023\/02\/330676074_1334153464032192_728967423852807372_n-1024x768.jpg\" alt=\"\" class=\"wp-image-670\" srcset=\"https:\/\/www.ets-foulon.fr\/wp-content\/uploads\/2023\/02\/330676074_1334153464032192_728967423852807372_n-1024x768.jpg 1024w, https:\/\/www.ets-foulon.fr\/wp-content\/uploads\/2023\/02\/330676074_1334153464032192_728967423852807372_n-300x225.jpg 300w, https:\/\/www.ets-foulon.fr\/wp-content\/uploads\/2023\/02\/330676074_1334153464032192_728967423852807372_n-768x576.jpg 768w, https:\/\/www.ets-foulon.fr\/wp-content\/uploads\/2023\/02\/330676074_1334153464032192_728967423852807372_n-1536x1152.jpg 1536w, https:\/\/www.ets-foulon.fr\/wp-content\/uploads\/2023\/02\/330676074_1334153464032192_728967423852807372_n.jpg 2048w\" sizes=\"auto, (max-width: 1024px) 100vw, 1024px\" \/><figcaption class=\"wp-element-caption\">Petits mat\u00e9riels<\/figcaption><\/figure>\n\n\n\n<figure class=\"wp-block-image size-large\"><img loading=\"lazy\" decoding=\"async\" width=\"768\" height=\"1024\" data-id=\"669\" src=\"https:\/\/www.ets-foulon.fr\/wp-content\/uploads\/2023\/02\/331268080_895399634917741_6657833248270690937_n-768x1024.jpg\" alt=\"\" class=\"wp-image-669\" srcset=\"https:\/\/www.ets-foulon.fr\/wp-content\/uploads\/2023\/02\/331268080_895399634917741_6657833248270690937_n-768x1024.jpg 768w, https:\/\/www.ets-foulon.fr\/wp-content\/uploads\/2023\/02\/331268080_895399634917741_6657833248270690937_n-225x300.jpg 225w, https:\/\/www.ets-foulon.fr\/wp-content\/uploads\/2023\/02\/331268080_895399634917741_6657833248270690937_n-1152x1536.jpg 1152w, https:\/\/www.ets-foulon.fr\/wp-content\/uploads\/2023\/02\/331268080_895399634917741_6657833248270690937_n.jpg 1536w\" sizes=\"auto, (max-width: 768px) 100vw, 768px\" \/><figcaption class=\"wp-element-caption\">Accessoires \u00e9lectriques<\/figcaption><\/figure>\n\n\n\n<figure class=\"wp-block-image size-large\"><img loading=\"lazy\" decoding=\"async\" width=\"1024\" height=\"768\" data-id=\"667\" src=\"https:\/\/www.ets-foulon.fr\/wp-content\/uploads\/2023\/02\/330850835_5876924862414725_9024096002312387290_n-1024x768.jpg\" alt=\"\" class=\"wp-image-667\" srcset=\"https:\/\/www.ets-foulon.fr\/wp-content\/uploads\/2023\/02\/330850835_5876924862414725_9024096002312387290_n-1024x768.jpg 1024w, https:\/\/www.ets-foulon.fr\/wp-content\/uploads\/2023\/02\/330850835_5876924862414725_9024096002312387290_n-300x225.jpg 300w, https:\/\/www.ets-foulon.fr\/wp-content\/uploads\/2023\/02\/330850835_5876924862414725_9024096002312387290_n-768x576.jpg 768w, https:\/\/www.ets-foulon.fr\/wp-content\/uploads\/2023\/02\/330850835_5876924862414725_9024096002312387290_n-1536x1152.jpg 1536w, https:\/\/www.ets-foulon.fr\/wp-content\/uploads\/2023\/02\/330850835_5876924862414725_9024096002312387290_n.jpg 2048w\" sizes=\"auto, (max-width: 1024px) 100vw, 1024px\" \/><figcaption class=\"wp-element-caption\">Plomberie<\/figcaption><\/figure>\n\n\n\n<figure class=\"wp-block-image size-large\"><img loading=\"lazy\" decoding=\"async\" width=\"768\" height=\"1024\" data-id=\"678\" src=\"https:\/\/www.ets-foulon.fr\/wp-content\/uploads\/2023\/02\/331228129_746047750119466_174688784764957353_n-768x1024.jpg\" alt=\"\" class=\"wp-image-678\" srcset=\"https:\/\/www.ets-foulon.fr\/wp-content\/uploads\/2023\/02\/331228129_746047750119466_174688784764957353_n-768x1024.jpg 768w, https:\/\/www.ets-foulon.fr\/wp-content\/uploads\/2023\/02\/331228129_746047750119466_174688784764957353_n-225x300.jpg 225w, https:\/\/www.ets-foulon.fr\/wp-content\/uploads\/2023\/02\/331228129_746047750119466_174688784764957353_n-1152x1536.jpg 1152w, https:\/\/www.ets-foulon.fr\/wp-content\/uploads\/2023\/02\/331228129_746047750119466_174688784764957353_n.jpg 1536w\" sizes=\"auto, (max-width: 768px) 100vw, 768px\" \/><figcaption class=\"wp-element-caption\">Gants<\/figcaption><\/figure>\n\n\n\n<figure class=\"wp-block-image size-large\"><img loading=\"lazy\" decoding=\"async\" width=\"768\" height=\"1024\" data-id=\"679\" src=\"https:\/\/www.ets-foulon.fr\/wp-content\/uploads\/2023\/02\/330817027_1003753777265973_6042239796197050963_n-768x1024.jpg\" alt=\"\" class=\"wp-image-679\" srcset=\"https:\/\/www.ets-foulon.fr\/wp-content\/uploads\/2023\/02\/330817027_1003753777265973_6042239796197050963_n-768x1024.jpg 768w, https:\/\/www.ets-foulon.fr\/wp-content\/uploads\/2023\/02\/330817027_1003753777265973_6042239796197050963_n-225x300.jpg 225w, https:\/\/www.ets-foulon.fr\/wp-content\/uploads\/2023\/02\/330817027_1003753777265973_6042239796197050963_n-1152x1536.jpg 1152w, https:\/\/www.ets-foulon.fr\/wp-content\/uploads\/2023\/02\/330817027_1003753777265973_6042239796197050963_n.jpg 1536w\" sizes=\"auto, (max-width: 768px) 100vw, 768px\" \/><figcaption class=\"wp-element-caption\">Petits mat\u00e9riels<\/figcaption><\/figure>\n\n\n\n<figure class=\"wp-block-image size-large\"><img loading=\"lazy\" decoding=\"async\" width=\"1024\" height=\"768\" data-id=\"680\" src=\"https:\/\/www.ets-foulon.fr\/wp-content\/uploads\/2023\/02\/329964207_885465416094241_7325699783351558968_n-1024x768.jpg\" alt=\"\" class=\"wp-image-680\" srcset=\"https:\/\/www.ets-foulon.fr\/wp-content\/uploads\/2023\/02\/329964207_885465416094241_7325699783351558968_n-1024x768.jpg 1024w, https:\/\/www.ets-foulon.fr\/wp-content\/uploads\/2023\/02\/329964207_885465416094241_7325699783351558968_n-300x225.jpg 300w, https:\/\/www.ets-foulon.fr\/wp-content\/uploads\/2023\/02\/329964207_885465416094241_7325699783351558968_n-768x576.jpg 768w, https:\/\/www.ets-foulon.fr\/wp-content\/uploads\/2023\/02\/329964207_885465416094241_7325699783351558968_n-1536x1152.jpg 1536w, https:\/\/www.ets-foulon.fr\/wp-content\/uploads\/2023\/02\/329964207_885465416094241_7325699783351558968_n.jpg 2048w\" sizes=\"auto, (max-width: 1024px) 100vw, 1024px\" \/><figcaption class=\"wp-element-caption\">Espaces verts<\/figcaption><\/figure>\n<\/figure>\n","protected":false},"excerpt":{"rendered":"<p>Rayons du magasin<\/p>\n","protected":false},"author":1,"featured_media":0,"parent":0,"menu_order":0,"comment_status":"closed","ping_status":"closed","template":"","meta":{"footnotes":""},"class_list":["post-649","page","type-page","status-publish","hentry","entry"],"_links":{"self":[{"href":"https:\/\/www.ets-foulon.fr\/index.php\/wp-json\/wp\/v2\/pages\/649","targetHints":{"allow":["GET"]}}],"collection":[{"href":"https:\/\/www.ets-foulon.fr\/index.php\/wp-json\/wp\/v2\/pages"}],"about":[{"href":"https:\/\/www.ets-foulon.fr\/index.php\/wp-json\/wp\/v2\/types\/page"}],"author":[{"embeddable":true,"href":"https:\/\/www.ets-foulon.fr\/index.php\/wp-json\/wp\/v2\/users\/1"}],"replies":[{"embeddable":true,"href":"https:\/\/www.ets-foulon.fr\/index.php\/wp-json\/wp\/v2\/comments?post=649"}],"version-history":[{"count":11,"href":"https:\/\/www.ets-foulon.fr\/index.php\/wp-json\/wp\/v2\/pages\/649\/revisions"}],"predecessor-version":[{"id":745,"href":"https:\/\/www.ets-foulon.fr\/index.php\/wp-json\/wp\/v2\/pages\/649\/revisions\/745"}],"wp:attachment":[{"href":"https:\/\/www.ets-foulon.fr\/index.php\/wp-json\/wp\/v2\/media?parent=649"}],"curies":[{"name":"wp","href":"https:\/\/api.w.org\/{rel}","templated":true}]}}